{"id":602,"date":"2022-09-22T15:35:49","date_gmt":"2022-09-22T13:35:49","guid":{"rendered":"http:\/\/qvuxroo.cluster030.hosting.ovh.net\/?page_id=602"},"modified":"2026-01-08T17:38:35","modified_gmt":"2026-01-08T16:38:35","slug":"point-de-retrait","status":"publish","type":"page","link":"https:\/\/yaleauquibout.fr\/index.php\/point-de-retrait\/","title":{"rendered":"Point de retrait"},"content":{"rendered":"<p>[et_pb_section fb_built=\u00a0\u00bb1&Prime; fullwidth=\u00a0\u00bbon\u00a0\u00bb admin_label=\u00a0\u00bbInterior Hero 1&Prime; module_class=\u00a0\u00bbsfly_interior sfly_interior_hero_1&Prime; _builder_version=\u00a0\u00bb4.16&Prime; _module_preset=\u00a0\u00bbdefault\u00a0\u00bb background_color=\u00a0\u00bb#000000&Prime; saved_tabs=\u00a0\u00bball\u00a0\u00bb locked=\u00a0\u00bboff\u00a0\u00bb global_colors_info=\u00a0\u00bb{}\u00a0\u00bb][et_pb_fullwidth_header title=\u00a0\u00bbPoint de retrait\u00a0\u00bb text_orientation=\u00a0\u00bbcenter\u00a0\u00bb background_overlay_color=\u00a0\u00bbrgba(0,0,0,0.5)\u00a0\u00bb module_class=\u00a0\u00bbsfly_fullwidth_header\u00a0\u00bb _builder_version=\u00a0\u00bb4.27.5&Prime; _module_preset=\u00a0\u00bbdefault\u00a0\u00bb title_level=\u00a0\u00bbh4&Prime; title_font=\u00a0\u00bb|700|||||||\u00a0\u00bb title_font_size=\u00a0\u00bb48px\u00a0\u00bb content_font_size=\u00a0\u00bb18px\u00a0\u00bb background_image=\u00a0\u00bbhttps:\/\/yaleauquibout.fr\/wp-content\/uploads\/2022\/10\/OWDJ56531-scaled.jpg\u00a0\u00bb custom_button_one=\u00a0\u00bbon\u00a0\u00bb button_one_text_color=\u00a0\u00bb#000000&Prime; button_one_bg_color=\u00a0\u00bb#ffffff\u00a0\u00bb button_one_border_color=\u00a0\u00bb#ffffff\u00a0\u00bb button_one_font=\u00a0\u00bb|700|||||||\u00a0\u00bb button_one_use_icon=\u00a0\u00bboff\u00a0\u00bb custom_button_two=\u00a0\u00bbon\u00a0\u00bb button_two_font=\u00a0\u00bb|700|||||||\u00a0\u00bb button_two_use_icon=\u00a0\u00bboff\u00a0\u00bb custom_padding=\u00a0\u00bb118px||315px||false|false\u00a0\u00bb animation_style=\u00a0\u00bbfade\u00a0\u00bb animation_duration=\u00a0\u00bb1500ms\u00a0\u00bb title_font_size_tablet=\u00a0\u00bb36px\u00a0\u00bb title_font_size_phone=\u00a0\u00bb24px\u00a0\u00bb title_font_size_last_edited=\u00a0\u00bbon|phone\u00a0\u00bb button_one_text_color_hover=\u00a0\u00bb#ffffff\u00a0\u00bb button_two_text_color_hover=\u00a0\u00bb#ffffff\u00a0\u00bb button_one_border_color_hover=\u00a0\u00bb#ffffff\u00a0\u00bb button_two_border_color_hover=\u00a0\u00bb#ffffff\u00a0\u00bb button_one_bg_color_hover=\u00a0\u00bbrgba(255,255,255,0)\u00a0\u00bb button_two_bg_color_hover=\u00a0\u00bbrgba(0,0,0,0)\u00a0\u00bb global_colors_info=\u00a0\u00bb{}\u00a0\u00bb button_one_text_size__hover_enabled=\u00a0\u00bboff\u00a0\u00bb button_two_text_size__hover_enabled=\u00a0\u00bboff\u00a0\u00bb button_one_text_color__hover_enabled=\u00a0\u00bbon\u00a0\u00bb button_one_text_color__hover=\u00a0\u00bb#ffffff\u00a0\u00bb button_two_text_color__hover_enabled=\u00a0\u00bbon\u00a0\u00bb button_two_text_color__hover=\u00a0\u00bb#ffffff\u00a0\u00bb button_one_border_width__hover_enabled=\u00a0\u00bboff\u00a0\u00bb button_two_border_width__hover_enabled=\u00a0\u00bboff\u00a0\u00bb button_one_border_color__hover_enabled=\u00a0\u00bbon\u00a0\u00bb button_one_border_color__hover=\u00a0\u00bb#ffffff\u00a0\u00bb button_two_border_color__hover_enabled=\u00a0\u00bbon\u00a0\u00bb button_two_border_color__hover=\u00a0\u00bb#ffffff\u00a0\u00bb button_one_border_radius__hover_enabled=\u00a0\u00bboff\u00a0\u00bb button_two_border_radius__hover_enabled=\u00a0\u00bboff\u00a0\u00bb button_one_letter_spacing__hover_enabled=\u00a0\u00bboff\u00a0\u00bb button_two_letter_spacing__hover_enabled=\u00a0\u00bboff\u00a0\u00bb button_one_bg_color__hover_enabled=\u00a0\u00bbon\u00a0\u00bb button_one_bg_color__hover=\u00a0\u00bbrgba(255,255,255,0)\u00a0\u00bb button_two_bg_color__hover_enabled=\u00a0\u00bbon\u00a0\u00bb button_two_bg_color__hover=\u00a0\u00bbrgba(0,0,0,0)\u00a0\u00bb]<\/p>\n<p style=\"text-align: center;\"><span>Retrait de commandes sur place, selon disponibilit\u00e9s<\/span><\/p>\n<p>[\/et_pb_fullwidth_header][\/et_pb_section][et_pb_section fb_built=\u00a0\u00bb1&Prime; _builder_version=\u00a0\u00bb4.19.2&Prime; _module_preset=\u00a0\u00bbdefault\u00a0\u00bb global_colors_info=\u00a0\u00bb{}\u00a0\u00bb][et_pb_row column_structure=\u00a0\u00bb1_5,3_5,1_5&Prime; _builder_version=\u00a0\u00bb4.19.2&Prime; _module_preset=\u00a0\u00bbdefault\u00a0\u00bb global_colors_info=\u00a0\u00bb{}\u00a0\u00bb][et_pb_column type=\u00a0\u00bb1_5&Prime; _builder_version=\u00a0\u00bb4.19.2&Prime; _module_preset=\u00a0\u00bbdefault\u00a0\u00bb global_colors_info=\u00a0\u00bb{}\u00a0\u00bb][\/et_pb_column][et_pb_column type=\u00a0\u00bb3_5&Prime; _builder_version=\u00a0\u00bb4.19.2&Prime; _module_preset=\u00a0\u00bbdefault\u00a0\u00bb global_colors_info=\u00a0\u00bb{}\u00a0\u00bb][et_pb_text _builder_version=\u00a0\u00bb4.27.5&Prime; _module_preset=\u00a0\u00bbdefault\u00a0\u00bb global_colors_info=\u00a0\u00bb{}\u00a0\u00bb]<\/p>\n<p><span data-olk-copy-source=\"MailCompose\">Le point de retrait permet de r\u00e9cup\u00e9rer certaines commandes pass\u00e9es \u00e0 l\u2019avance, en compl\u00e9ment de notre activit\u00e9 sur les march\u00e9s et en traiteur.<\/span><\/p>\n<p><span><br \/><\/span><\/p>\n<p><span>Les produits disponibles varient selon la p\u00e9riode et la production en cours. Le point de retrait n\u2019est pas une boutique ouverte en continu, mais un lieu de r\u00e9cup\u00e9ration de commandes pr\u00e9par\u00e9es en amont.<\/span><\/p>\n<p>[\/et_pb_text][\/et_pb_column][et_pb_column type=\u00a0\u00bb1_5&Prime; _builder_version=\u00a0\u00bb4.19.2&Prime; _module_preset=\u00a0\u00bbdefault\u00a0\u00bb global_colors_info=\u00a0\u00bb{}\u00a0\u00bb][et_pb_image src=\u00a0\u00bbhttps:\/\/yaleauquibout.fr\/wp-content\/uploads\/2023\/04\/Image-19.jpeg\u00a0\u00bb title_text=\u00a0\u00bbcnct\u00a0\u00bb _builder_version=\u00a0\u00bb4.20.4&Prime; _module_preset=\u00a0\u00bbdefault\u00a0\u00bb global_colors_info=\u00a0\u00bb{}\u00a0\u00bb][\/et_pb_image][\/et_pb_column][\/et_pb_row][\/et_pb_section][et_pb_section fb_built=\u00a0\u00bb1&Prime; admin_label=\u00a0\u00bbContact 1&Prime; module_class=\u00a0\u00bbsfly_contact sfly_contact_1&Prime; _builder_version=\u00a0\u00bb4.16&Prime; _module_preset=\u00a0\u00bbdefault\u00a0\u00bb custom_padding=\u00a0\u00bb2px|2px|32px|||\u00a0\u00bb global_colors_info=\u00a0\u00bb{}\u00a0\u00bb][et_pb_row column_structure=\u00a0\u00bb1_2,1_2&Prime; _builder_version=\u00a0\u00bb4.18.0&Prime; _module_preset=\u00a0\u00bbdefault\u00a0\u00bb global_colors_info=\u00a0\u00bb{}\u00a0\u00bb][et_pb_column type=\u00a0\u00bb1_2&Prime; _builder_version=\u00a0\u00bb4.18.0&Prime; _module_preset=\u00a0\u00bbdefault\u00a0\u00bb global_colors_info=\u00a0\u00bb{}\u00a0\u00bb][et_pb_image src=\u00a0\u00bbhttps:\/\/yaleauquibout.fr\/wp-content\/uploads\/2023\/04\/IMG_4455-scaled.jpg\u00a0\u00bb title_text=\u00a0\u00bbEXTERIEUR\u00a0\u00bb _builder_version=\u00a0\u00bb4.20.4&Prime; _module_preset=\u00a0\u00bbdefault\u00a0\u00bb global_colors_info=\u00a0\u00bb{}\u00a0\u00bb][\/et_pb_image][\/et_pb_column][et_pb_column type=\u00a0\u00bb1_2&Prime; _builder_version=\u00a0\u00bb4.18.0&Prime; _module_preset=\u00a0\u00bbdefault\u00a0\u00bb global_colors_info=\u00a0\u00bb{}\u00a0\u00bb][et_pb_image src=\u00a0\u00bbhttps:\/\/yaleauquibout.fr\/wp-content\/uploads\/2026\/01\/CC6F31B4-0C70-4585-8B7F-55AFF0DE6F28-scaled.jpg\u00a0\u00bb title_text=\u00a0\u00bbCC6F31B4-0C70-4585-8B7F-55AFF0DE6F28&Prime; _builder_version=\u00a0\u00bb4.27.5&Prime; _module_preset=\u00a0\u00bbdefault\u00a0\u00bb global_colors_info=\u00a0\u00bb{}\u00a0\u00bb][\/et_pb_image][\/et_pb_column][\/et_pb_row][et_pb_row column_structure=\u00a0\u00bb1_2,1_2&Prime; _builder_version=\u00a0\u00bb4.27.4&Prime; _module_preset=\u00a0\u00bbdefault\u00a0\u00bb global_colors_info=\u00a0\u00bb{}\u00a0\u00bb][et_pb_column type=\u00a0\u00bb1_2&Prime; _builder_version=\u00a0\u00bb4.27.4&Prime; _module_preset=\u00a0\u00bbdefault\u00a0\u00bb global_colors_info=\u00a0\u00bb{}\u00a0\u00bb][et_pb_image src=\u00a0\u00bbhttps:\/\/yaleauquibout.fr\/wp-content\/uploads\/2026\/01\/processed-AAD5313F-3370-4E84-9ACF-3AF64439C419-scaled.jpeg\u00a0\u00bb title_text=\u00a0\u00bbprocessed-AAD5313F-3370-4E84-9ACF-3AF64439C419&Prime; _builder_version=\u00a0\u00bb4.27.5&Prime; _module_preset=\u00a0\u00bbdefault\u00a0\u00bb global_colors_info=\u00a0\u00bb{}\u00a0\u00bb][\/et_pb_image][\/et_pb_column][et_pb_column type=\u00a0\u00bb1_2&Prime; _builder_version=\u00a0\u00bb4.27.4&Prime; _module_preset=\u00a0\u00bbdefault\u00a0\u00bb global_colors_info=\u00a0\u00bb{}\u00a0\u00bb][et_pb_image src=\u00a0\u00bbhttps:\/\/yaleauquibout.fr\/wp-content\/uploads\/2026\/01\/processed-5A948F22-7867-4CBF-8731-ADD24D5FEC64-scaled.jpeg\u00a0\u00bb title_text=\u00a0\u00bbprocessed-5A948F22-7867-4CBF-8731-ADD24D5FEC64&Prime; _builder_version=\u00a0\u00bb4.27.5&Prime; _module_preset=\u00a0\u00bbdefault\u00a0\u00bb global_colors_info=\u00a0\u00bb{}\u00a0\u00bb][\/et_pb_image][\/et_pb_column][\/et_pb_row][et_pb_row column_structure=\u00a0\u00bb1_2,1_2&Prime; _builder_version=\u00a0\u00bb4.27.4&Prime; _module_preset=\u00a0\u00bbdefault\u00a0\u00bb global_colors_info=\u00a0\u00bb{}\u00a0\u00bb][et_pb_column type=\u00a0\u00bb1_2&Prime; _builder_version=\u00a0\u00bb4.27.4&Prime; _module_preset=\u00a0\u00bbdefault\u00a0\u00bb global_colors_info=\u00a0\u00bb{}\u00a0\u00bb][et_pb_image src=\u00a0\u00bbhttps:\/\/yaleauquibout.fr\/wp-content\/uploads\/2026\/01\/processed-ED1C3F71-A9E6-44CB-9CF7-88490B3BA4DC-scaled.jpeg\u00a0\u00bb title_text=\u00a0\u00bbprocessed-ED1C3F71-A9E6-44CB-9CF7-88490B3BA4DC\u00a0\u00bb _builder_version=\u00a0\u00bb4.27.5&Prime; _module_preset=\u00a0\u00bbdefault\u00a0\u00bb global_colors_info=\u00a0\u00bb{}\u00a0\u00bb][\/et_pb_image][\/et_pb_column][et_pb_column type=\u00a0\u00bb1_2&Prime; _builder_version=\u00a0\u00bb4.27.4&Prime; _module_preset=\u00a0\u00bbdefault\u00a0\u00bb global_colors_info=\u00a0\u00bb{}\u00a0\u00bb][et_pb_image src=\u00a0\u00bbhttps:\/\/yaleauquibout.fr\/wp-content\/uploads\/2026\/01\/processed-815C75F3-BB24-40B3-B496-87F4459F2AAE-scaled.jpeg\u00a0\u00bb title_text=\u00a0\u00bbprocessed-815C75F3-BB24-40B3-B496-87F4459F2AAE\u00a0\u00bb _builder_version=\u00a0\u00bb4.27.5&Prime; _module_preset=\u00a0\u00bbdefault\u00a0\u00bb global_colors_info=\u00a0\u00bb{}\u00a0\u00bb][\/et_pb_image][\/et_pb_column][\/et_pb_row][et_pb_row column_structure=\u00a0\u00bb1_2,1_2&Prime; _builder_version=\u00a0\u00bb4.27.5&Prime; _module_preset=\u00a0\u00bbdefault\u00a0\u00bb global_colors_info=\u00a0\u00bb{}\u00a0\u00bb][et_pb_column type=\u00a0\u00bb1_2&Prime; _builder_version=\u00a0\u00bb4.27.5&Prime; _module_preset=\u00a0\u00bbdefault\u00a0\u00bb global_colors_info=\u00a0\u00bb{}\u00a0\u00bb][et_pb_image src=\u00a0\u00bbhttps:\/\/yaleauquibout.fr\/wp-content\/uploads\/2025\/08\/original-6E476D14-DF15-43D4-9891-3535A351E848.png\u00a0\u00bb title_text=\u00a0\u00bboriginal-6E476D14-DF15-43D4-9891-3535A351E848&Prime; _builder_version=\u00a0\u00bb4.27.5&Prime; _module_preset=\u00a0\u00bbdefault\u00a0\u00bb global_colors_info=\u00a0\u00bb{}\u00a0\u00bb][\/et_pb_image][\/et_pb_column][et_pb_column type=\u00a0\u00bb1_2&Prime; _builder_version=\u00a0\u00bb4.27.5&Prime; _module_preset=\u00a0\u00bbdefault\u00a0\u00bb global_colors_info=\u00a0\u00bb{}\u00a0\u00bb][et_pb_image src=\u00a0\u00bbhttps:\/\/yaleauquibout.fr\/wp-content\/uploads\/2026\/01\/processed-644CF10B-B1D0-4BBD-96CC-089609C041A4-scaled.jpeg\u00a0\u00bb title_text=\u00a0\u00bbprocessed-644CF10B-B1D0-4BBD-96CC-089609C041A4&Prime; _builder_version=\u00a0\u00bb4.27.5&Prime; _module_preset=\u00a0\u00bbdefault\u00a0\u00bb global_colors_info=\u00a0\u00bb{}\u00a0\u00bb][\/et_pb_image][\/et_pb_column][\/et_pb_row][et_pb_row _builder_version=\u00a0\u00bb4.21.0&Prime; _module_preset=\u00a0\u00bbdefault\u00a0\u00bb global_colors_info=\u00a0\u00bb{}\u00a0\u00bb][et_pb_column type=\u00a0\u00bb4_4&Prime; _builder_version=\u00a0\u00bb4.21.0&Prime; _module_preset=\u00a0\u00bbdefault\u00a0\u00bb global_colors_info=\u00a0\u00bb{}\u00a0\u00bb][\/et_pb_column][\/et_pb_row][\/et_pb_section]<\/p>\n","protected":false},"excerpt":{"rendered":"<p>Retrait de commandes sur place, selon disponibilit\u00e9sLe point de retrait permet de r\u00e9cup\u00e9rer certaines commandes pass\u00e9es \u00e0 l\u2019avance, en compl\u00e9ment de notre activit\u00e9 sur les march\u00e9s et en traiteur. Les produits disponibles varient selon la p\u00e9riode et la production en cours. Le point de retrait n\u2019est pas une boutique ouverte en continu, mais un lieu [&hellip;]<\/p>\n","protected":false},"author":1,"featured_media":0,"parent":0,"menu_order":0,"comment_status":"closed","ping_status":"closed","template":"","meta":{"_et_pb_use_builder":"on","_et_pb_old_content":"","_et_gb_content_width":"","footnotes":""},"class_list":["post-602","page","type-page","status-publish","hentry"],"yoast_head":"<!-- This site is optimized with the Yoast SEO plugin v27.4 - https:\/\/yoast.com\/product\/yoast-seo-wordpress\/ -->\n<title>Point de retrait - Ya l&#039;eau qui bout<\/title>\n<meta name=\"description\" content=\"P\u00e2t\u00e9, Foie gras, Saumon, Chipolatas... d\u00e9couvrez dans l&#039;onglet boutique nos produits maison \u00e0 la vente.\" \/>\n<meta name=\"robots\" content=\"index, follow, max-snippet:-1, max-image-preview:large, max-video-preview:-1\" \/>\n<link rel=\"canonical\" href=\"https:\/\/yaleauquibout.fr\/index.php\/point-de-retrait\/\" \/>\n<meta property=\"og:locale\" content=\"fr_FR\" \/>\n<meta property=\"og:type\" content=\"article\" \/>\n<meta property=\"og:title\" content=\"Point de retrait - Ya l&#039;eau qui bout\" \/>\n<meta property=\"og:description\" content=\"P\u00e2t\u00e9, Foie gras, Saumon, Chipolatas... d\u00e9couvrez dans l&#039;onglet boutique nos produits maison \u00e0 la vente.\" \/>\n<meta property=\"og:url\" content=\"https:\/\/yaleauquibout.fr\/index.php\/point-de-retrait\/\" \/>\n<meta property=\"og:site_name\" content=\"Ya l&#039;eau qui bout\" \/>\n<meta property=\"article:modified_time\" content=\"2026-01-08T16:38:35+00:00\" \/>\n<meta name=\"twitter:card\" content=\"summary_large_image\" \/>\n<meta name=\"twitter:label1\" content=\"Dur\u00e9e de lecture estim\u00e9e\" \/>\n\t<meta name=\"twitter:data1\" content=\"2 minutes\" \/>\n<script type=\"application\/ld+json\" class=\"yoast-schema-graph\">{\"@context\":\"https:\\\/\\\/schema.org\",\"@graph\":[{\"@type\":\"WebPage\",\"@id\":\"https:\\\/\\\/yaleauquibout.fr\\\/index.php\\\/point-de-retrait\\\/\",\"url\":\"https:\\\/\\\/yaleauquibout.fr\\\/index.php\\\/point-de-retrait\\\/\",\"name\":\"Point de retrait - Ya l&#039;eau qui bout\",\"isPartOf\":{\"@id\":\"https:\\\/\\\/yaleauquibout.fr\\\/#website\"},\"datePublished\":\"2022-09-22T13:35:49+00:00\",\"dateModified\":\"2026-01-08T16:38:35+00:00\",\"description\":\"P\u00e2t\u00e9, Foie gras, Saumon, Chipolatas... d\u00e9couvrez dans l'onglet boutique nos produits maison \u00e0 la vente.\",\"breadcrumb\":{\"@id\":\"https:\\\/\\\/yaleauquibout.fr\\\/index.php\\\/point-de-retrait\\\/#breadcrumb\"},\"inLanguage\":\"fr-FR\",\"potentialAction\":[{\"@type\":\"ReadAction\",\"target\":[\"https:\\\/\\\/yaleauquibout.fr\\\/index.php\\\/point-de-retrait\\\/\"]}]},{\"@type\":\"BreadcrumbList\",\"@id\":\"https:\\\/\\\/yaleauquibout.fr\\\/index.php\\\/point-de-retrait\\\/#breadcrumb\",\"itemListElement\":[{\"@type\":\"ListItem\",\"position\":1,\"name\":\"Accueil\",\"item\":\"https:\\\/\\\/yaleauquibout.fr\\\/\"},{\"@type\":\"ListItem\",\"position\":2,\"name\":\"Point de retrait\"}]},{\"@type\":\"WebSite\",\"@id\":\"https:\\\/\\\/yaleauquibout.fr\\\/#website\",\"url\":\"https:\\\/\\\/yaleauquibout.fr\\\/\",\"name\":\"Ya l&#039;eau qui bout\",\"description\":\"TRAITEUR ET CHARCUTERIE MODERNE\",\"publisher\":{\"@id\":\"https:\\\/\\\/yaleauquibout.fr\\\/#organization\"},\"potentialAction\":[{\"@type\":\"SearchAction\",\"target\":{\"@type\":\"EntryPoint\",\"urlTemplate\":\"https:\\\/\\\/yaleauquibout.fr\\\/?s={search_term_string}\"},\"query-input\":{\"@type\":\"PropertyValueSpecification\",\"valueRequired\":true,\"valueName\":\"search_term_string\"}}],\"inLanguage\":\"fr-FR\"},{\"@type\":\"Organization\",\"@id\":\"https:\\\/\\\/yaleauquibout.fr\\\/#organization\",\"name\":\"Ya leau qui bout\",\"url\":\"https:\\\/\\\/yaleauquibout.fr\\\/\",\"logo\":{\"@type\":\"ImageObject\",\"inLanguage\":\"fr-FR\",\"@id\":\"https:\\\/\\\/yaleauquibout.fr\\\/#\\\/schema\\\/logo\\\/image\\\/\",\"url\":\"https:\\\/\\\/yaleauquibout.fr\\\/wp-content\\\/uploads\\\/2022\\\/09\\\/Logo-noir-2.png\",\"contentUrl\":\"https:\\\/\\\/yaleauquibout.fr\\\/wp-content\\\/uploads\\\/2022\\\/09\\\/Logo-noir-2.png\",\"width\":250,\"height\":219,\"caption\":\"Ya leau qui bout\"},\"image\":{\"@id\":\"https:\\\/\\\/yaleauquibout.fr\\\/#\\\/schema\\\/logo\\\/image\\\/\"}}]}<\/script>\n<!-- \/ Yoast SEO plugin. -->","yoast_head_json":{"title":"Point de retrait - Ya l&#039;eau qui bout","description":"P\u00e2t\u00e9, Foie gras, Saumon, Chipolatas... d\u00e9couvrez dans l'onglet boutique nos produits maison \u00e0 la vente.","robots":{"index":"index","follow":"follow","max-snippet":"max-snippet:-1","max-image-preview":"max-image-preview:large","max-video-preview":"max-video-preview:-1"},"canonical":"https:\/\/yaleauquibout.fr\/index.php\/point-de-retrait\/","og_locale":"fr_FR","og_type":"article","og_title":"Point de retrait - Ya l&#039;eau qui bout","og_description":"P\u00e2t\u00e9, Foie gras, Saumon, Chipolatas... d\u00e9couvrez dans l'onglet boutique nos produits maison \u00e0 la vente.","og_url":"https:\/\/yaleauquibout.fr\/index.php\/point-de-retrait\/","og_site_name":"Ya l&#039;eau qui bout","article_modified_time":"2026-01-08T16:38:35+00:00","twitter_card":"summary_large_image","twitter_misc":{"Dur\u00e9e de lecture estim\u00e9e":"2 minutes"},"schema":{"@context":"https:\/\/schema.org","@graph":[{"@type":"WebPage","@id":"https:\/\/yaleauquibout.fr\/index.php\/point-de-retrait\/","url":"https:\/\/yaleauquibout.fr\/index.php\/point-de-retrait\/","name":"Point de retrait - Ya l&#039;eau qui bout","isPartOf":{"@id":"https:\/\/yaleauquibout.fr\/#website"},"datePublished":"2022-09-22T13:35:49+00:00","dateModified":"2026-01-08T16:38:35+00:00","description":"P\u00e2t\u00e9, Foie gras, Saumon, Chipolatas... d\u00e9couvrez dans l'onglet boutique nos produits maison \u00e0 la vente.","breadcrumb":{"@id":"https:\/\/yaleauquibout.fr\/index.php\/point-de-retrait\/#breadcrumb"},"inLanguage":"fr-FR","potentialAction":[{"@type":"ReadAction","target":["https:\/\/yaleauquibout.fr\/index.php\/point-de-retrait\/"]}]},{"@type":"BreadcrumbList","@id":"https:\/\/yaleauquibout.fr\/index.php\/point-de-retrait\/#breadcrumb","itemListElement":[{"@type":"ListItem","position":1,"name":"Accueil","item":"https:\/\/yaleauquibout.fr\/"},{"@type":"ListItem","position":2,"name":"Point de retrait"}]},{"@type":"WebSite","@id":"https:\/\/yaleauquibout.fr\/#website","url":"https:\/\/yaleauquibout.fr\/","name":"Ya l&#039;eau qui bout","description":"TRAITEUR ET CHARCUTERIE MODERNE","publisher":{"@id":"https:\/\/yaleauquibout.fr\/#organization"},"potentialAction":[{"@type":"SearchAction","target":{"@type":"EntryPoint","urlTemplate":"https:\/\/yaleauquibout.fr\/?s={search_term_string}"},"query-input":{"@type":"PropertyValueSpecification","valueRequired":true,"valueName":"search_term_string"}}],"inLanguage":"fr-FR"},{"@type":"Organization","@id":"https:\/\/yaleauquibout.fr\/#organization","name":"Ya leau qui bout","url":"https:\/\/yaleauquibout.fr\/","logo":{"@type":"ImageObject","inLanguage":"fr-FR","@id":"https:\/\/yaleauquibout.fr\/#\/schema\/logo\/image\/","url":"https:\/\/yaleauquibout.fr\/wp-content\/uploads\/2022\/09\/Logo-noir-2.png","contentUrl":"https:\/\/yaleauquibout.fr\/wp-content\/uploads\/2022\/09\/Logo-noir-2.png","width":250,"height":219,"caption":"Ya leau qui bout"},"image":{"@id":"https:\/\/yaleauquibout.fr\/#\/schema\/logo\/image\/"}}]}},"jetpack_sharing_enabled":true,"_links":{"self":[{"href":"https:\/\/yaleauquibout.fr\/index.php\/wp-json\/wp\/v2\/pages\/602","targetHints":{"allow":["GET"]}}],"collection":[{"href":"https:\/\/yaleauquibout.fr\/index.php\/wp-json\/wp\/v2\/pages"}],"about":[{"href":"https:\/\/yaleauquibout.fr\/index.php\/wp-json\/wp\/v2\/types\/page"}],"author":[{"embeddable":true,"href":"https:\/\/yaleauquibout.fr\/index.php\/wp-json\/wp\/v2\/users\/1"}],"replies":[{"embeddable":true,"href":"https:\/\/yaleauquibout.fr\/index.php\/wp-json\/wp\/v2\/comments?post=602"}],"version-history":[{"count":23,"href":"https:\/\/yaleauquibout.fr\/index.php\/wp-json\/wp\/v2\/pages\/602\/revisions"}],"predecessor-version":[{"id":1629,"href":"https:\/\/yaleauquibout.fr\/index.php\/wp-json\/wp\/v2\/pages\/602\/revisions\/1629"}],"wp:attachment":[{"href":"https:\/\/yaleauquibout.fr\/index.php\/wp-json\/wp\/v2\/media?parent=602"}],"curies":[{"name":"wp","href":"https:\/\/api.w.org\/{rel}","templated":true}]}}